{"id":4261,"date":"2025-10-22T22:31:06","date_gmt":"2025-10-23T03:31:06","guid":{"rendered":"https:\/\/cipalecuador.com\/?page_id=4261"},"modified":"2025-10-24T20:57:00","modified_gmt":"2025-10-25T01:57:00","slug":"servicios","status":"publish","type":"page","link":"https:\/\/cipalecuador.com\/?page_id=4261","title":{"rendered":"Servicios"},"content":{"rendered":"\t\t<div data-elementor-type=\"wp-page\" data-elementor-id=\"4261\" class=\"elementor elementor-4261\" data-elementor-post-type=\"page\">\n\t\t\t\t<div class=\"elementor-element elementor-element-e557416 e-flex e-con-boxed e-con e-parent\" data-id=\"e557416\" data-element_type=\"container\">\n\t\t\t\t\t<div class=\"e-con-inner\">\n\t\t\t\t<div class=\"elementor-element elementor-element-4913ca5 elementor-widget elementor-widget-heading\" data-id=\"4913ca5\" data-element_type=\"widget\" data-widget_type=\"heading.default\">\n\t\t\t\t<div class=\"elementor-widget-container\">\n\t\t\t\t\t<h4 class=\"elementor-heading-title elementor-size-default\">Realizamos cursos de capacitaci\u00f3n \nacad\u00e9mica de peritaje y aval\u00faos en\ndiferentes experticias, libros\nen instituto ecuatoriano de propiedad\nintelectual. <br>IEPI con reg. No. 3270\n<\/h4>\t\t\t\t<\/div>\n\t\t\t\t<\/div>\n\t\t\t\t\t<\/div>\n\t\t\t\t<\/div>\n\t\t<div class=\"elementor-element elementor-element-a3c6862 e-flex e-con-boxed e-con e-parent\" data-id=\"a3c6862\" data-element_type=\"container\">\n\t\t\t\t\t<div class=\"e-con-inner\">\n\t\t\t\t<div class=\"elementor-element elementor-element-7251759 elementor-widget elementor-widget-spacer\" data-id=\"7251759\" data-element_type=\"widget\" data-widget_type=\"spacer.default\">\n\t\t\t\t<div class=\"elementor-widget-container\">\n\t\t\t\t\t\t\t<div class=\"elementor-spacer\">\n\t\t\t<div class=\"elementor-spacer-inner\"><\/div>\n\t\t<\/div>\n\t\t\t\t\t\t<\/div>\n\t\t\t\t<\/div>\n\t\t\t\t\t<\/div>\n\t\t\t\t<\/div>\n\t\t<div class=\"elementor-element elementor-element-d0bcbd8 e-flex e-con-boxed e-con e-parent\" data-id=\"d0bcbd8\" data-element_type=\"container\">\n\t\t\t\t\t<div class=\"e-con-inner\">\n\t\t<div class=\"elementor-element elementor-element-29ee5a4 e-con-full e-flex e-con e-child\" data-id=\"29ee5a4\" data-element_type=\"container\">\n\t\t\t\t<div class=\"elementor-element elementor-element-5a78fe8 elementor-widget elementor-widget-pix-fancybox\" data-id=\"5a78fe8\" data-element_type=\"widget\" data-widget_type=\"pix-fancybox.default\">\n\t\t\t\t<div class=\"elementor-widget-container\">\n\t\t\t\t\t<div class=\"card mb-3 mb-sm-0 pix-info-card   \"  ><div class=\"card-inner\"><a href=\"\" ><div class=\"card-img-overlay p-0 d-flex flex-column justify-content-end animating fade-in-up\"><div class=\"card-img-overlay-content card-content-box bg-light-opacity-8 pix-p-20\" ><h6 class=\"card-text  text-dark-opacity-5  animate-in\" data-anim-type=\"fade-in\" data-anim-delay=\"800\" style=\"\">Aplicado al area Legal los cuales son puntos de litigio en materia de  dictamen judiciales.<\/h6><h6 class=\"text-heading-default font-weight-bold mb-0 animate-in\" data-anim-type=\"fade-in\" data-anim-delay=\"400\" style=\"\">PERITAJE JUDUCIAL<\/h6><\/div><\/div><img decoding=\"async\" class=\"card-img-bottom animating fade-in-Img\" src=\"https:\/\/cipalecuador.com\/wp-content\/uploads\/2025\/10\/primer-plano-de-una-persona-con-un-mazo-en-la-mano-y-papeles-sobre-la-mesa.jpg\" alt=\"\"><\/a><\/div><\/div>\t\t\t\t<\/div>\n\t\t\t\t<\/div>\n\t\t\t\t<\/div>\n\t\t<div class=\"elementor-element elementor-element-e77a9bc e-con-full e-flex e-con e-child\" data-id=\"e77a9bc\" data-element_type=\"container\">\n\t\t\t\t<div class=\"elementor-element elementor-element-6657223 elementor-widget elementor-widget-pix-fancybox\" data-id=\"6657223\" data-element_type=\"widget\" data-widget_type=\"pix-fancybox.default\">\n\t\t\t\t<div class=\"elementor-widget-container\">\n\t\t\t\t\t<div class=\"card mb-3 mb-sm-0 pix-info-card   \"  ><div class=\"card-inner\"><a href=\"\" ><div class=\"card-img-overlay p-0 d-flex flex-column justify-content-end animating fade-in-up\"><div class=\"card-img-overlay-content card-content-box bg-light-opacity-8 pix-p-20\" ><h6 class=\"card-text  text-dark-opacity-5  animate-in\" data-anim-type=\"fade-in\" data-anim-delay=\"800\" style=\"\">Aplicado al area de inmobiliarios para la valorizacion de los diferentes tipos de inmuebles rusticos y urbanos.<\/h6><h6 class=\"text-heading-default font-weight-bold mb-0 animate-in\" data-anim-type=\"fade-in\" data-anim-delay=\"400\" style=\"\">PERITAJE INMOBILIARIO<\/h6><\/div><\/div><img decoding=\"async\" class=\"card-img-bottom animating fade-in-Img\" src=\"https:\/\/cipalecuador.com\/wp-content\/uploads\/2025\/10\/paisaje-analogico-de-ciudad-con-edificios3.jpg\" alt=\"\"><\/a><\/div><\/div>\t\t\t\t<\/div>\n\t\t\t\t<\/div>\n\t\t\t\t<\/div>\n\t\t\t\t\t<\/div>\n\t\t\t\t<\/div>\n\t\t<div class=\"elementor-element elementor-element-aaf968d e-flex e-con-boxed e-con e-parent\" data-id=\"aaf968d\" data-element_type=\"container\">\n\t\t\t\t\t<div class=\"e-con-inner\">\n\t\t<div class=\"elementor-element elementor-element-629c73d e-con-full e-flex e-con e-child\" data-id=\"629c73d\" data-element_type=\"container\">\n\t\t\t\t<div class=\"elementor-element elementor-element-869d089 elementor-widget elementor-widget-pix-fancybox\" data-id=\"869d089\" data-element_type=\"widget\" data-widget_type=\"pix-fancybox.default\">\n\t\t\t\t<div class=\"elementor-widget-container\">\n\t\t\t\t\t<div class=\"card mb-3 mb-sm-0 pix-info-card   \"  ><div class=\"card-inner\"><a href=\"\" ><div class=\"card-img-overlay p-0 d-flex flex-column justify-content-end animating fade-in-up\"><div class=\"card-img-overlay-content card-content-box bg-light-opacity-8 pix-p-20\" ><h6 class=\"card-text  text-dark-opacity-5  animate-in\" data-anim-type=\"fade-in\" data-anim-delay=\"800\" style=\"\">Consultoria para obtener licencias y fichas ambientales. Tratamientos de agua residuales toxicas con reactores y Pantano Seco.<\/h6><h6 class=\"text-heading-default font-weight-bold mb-0 animate-in\" data-anim-type=\"fade-in\" data-anim-delay=\"400\" style=\"\">PERITAJE AMBIENTAL<\/h6><\/div><\/div><img decoding=\"async\" class=\"card-img-bottom animating fade-in-Img\" src=\"https:\/\/cipalecuador.com\/wp-content\/uploads\/2025\/10\/image015-1024x683.png\" alt=\"\"><\/a><\/div><\/div>\t\t\t\t<\/div>\n\t\t\t\t<\/div>\n\t\t\t\t<\/div>\n\t\t<div class=\"elementor-element elementor-element-41d2594 e-con-full e-flex e-con e-child\" data-id=\"41d2594\" data-element_type=\"container\">\n\t\t\t\t<div class=\"elementor-element elementor-element-9dc346b elementor-widget elementor-widget-pix-fancybox\" data-id=\"9dc346b\" data-element_type=\"widget\" data-widget_type=\"pix-fancybox.default\">\n\t\t\t\t<div class=\"elementor-widget-container\">\n\t\t\t\t\t<div class=\"card mb-3 mb-sm-0 pix-info-card   \"  ><div class=\"card-inner\"><a href=\"\" ><div class=\"card-img-overlay p-0 d-flex flex-column justify-content-end animating fade-in-up\"><div class=\"card-img-overlay-content card-content-box bg-light-opacity-8 pix-p-20\" ><h6 class=\"card-text  text-dark-opacity-5  animate-in\" data-anim-type=\"fade-in\" data-anim-delay=\"800\" style=\"\">Aplicado a bienes muebles e inmuebles de maquinas e industrias <\/h6><h6 class=\"text-heading-default font-weight-bold mb-0 animate-in\" data-anim-type=\"fade-in\" data-anim-delay=\"400\" style=\"\">PERITAJE DE ACTIVOS FIJOS<\/h6><\/div><\/div><img decoding=\"async\" class=\"card-img-bottom animating fade-in-Img\" src=\"https:\/\/cipalecuador.com\/wp-content\/uploads\/2025\/10\/image013-1024x576.jpg\" alt=\"\"><\/a><\/div><\/div>\t\t\t\t<\/div>\n\t\t\t\t<\/div>\n\t\t\t\t<\/div>\n\t\t\t\t\t<\/div>\n\t\t\t\t<\/div>\n\t\t<div class=\"elementor-element elementor-element-6f6aead e-flex e-con-boxed e-con e-parent\" data-id=\"6f6aead\" data-element_type=\"container\">\n\t\t\t\t\t<div class=\"e-con-inner\">\n\t\t\t\t<div class=\"elementor-element elementor-element-73028a9 elementor-widget elementor-widget-spacer\" data-id=\"73028a9\" data-element_type=\"widget\" data-widget_type=\"spacer.default\">\n\t\t\t\t<div class=\"elementor-widget-container\">\n\t\t\t\t\t\t\t<div class=\"elementor-spacer\">\n\t\t\t<div class=\"elementor-spacer-inner\"><\/div>\n\t\t<\/div>\n\t\t\t\t\t\t<\/div>\n\t\t\t\t<\/div>\n\t\t\t\t\t<\/div>\n\t\t\t\t<\/div>\n\t\t<div class=\"elementor-element elementor-element-5e0e77a e-flex e-con-boxed e-con e-parent\" data-id=\"5e0e77a\" data-element_type=\"container\">\n\t\t\t\t\t<div class=\"e-con-inner\">\n\t\t\t\t<div class=\"elementor-element elementor-element-7a3bc73 elementor-widget elementor-widget-heading\" data-id=\"7a3bc73\" data-element_type=\"widget\" data-widget_type=\"heading.default\">\n\t\t\t\t<div class=\"elementor-widget-container\">\n\t\t\t\t\t<h4 class=\"elementor-heading-title elementor-size-default\">PERITOS ACREDITADOS Y GESTORES DE CREDITO EN<\/h4>\t\t\t\t<\/div>\n\t\t\t\t<\/div>\n\t\t\t\t\t<\/div>\n\t\t\t\t<\/div>\n\t\t<div class=\"elementor-element elementor-element-3702afe e-flex e-con-boxed e-con e-parent\" data-id=\"3702afe\" data-element_type=\"container\">\n\t\t\t\t\t<div class=\"e-con-inner\">\n\t\t\t\t<div class=\"elementor-element elementor-element-148529c elementor-widget elementor-widget-pix-clients\" data-id=\"148529c\" data-element_type=\"widget\" data-widget_type=\"pix-clients.default\">\n\t\t\t\t<div class=\"elementor-widget-container\">\n\t\t\t\t\t<div class=\"clients row  \"><div class=\"d-none d-md-block clearfix w-100 col-12\"><\/div><div class=\"col-md col-12 -4  text-center client2 d-inline-block2 d-inline-flex client shadow-hover-lg rounded-xl\"><div class=\"py-3 d-inline-block align-self-center w-100\" title=\"\"><img decoding=\"async\" src=\"https:\/\/cipalecuador.com\/wp-content\/uploads\/2025\/10\/image027.png\" width=\"260\" height=\"190\" class=\"animate-in\" alt=\"\" data-anim-type=\"\" data-anim-delay=\"0\"><\/div><\/div><div class=\"col-md col-12 -4  text-center client2 d-inline-block2 d-inline-flex client shadow-hover-lg rounded-xl\"><div class=\"py-3 d-inline-block align-self-center w-100\" title=\"\"><img fetchpriority=\"high\" decoding=\"async\" src=\"https:\/\/cipalecuador.com\/wp-content\/uploads\/2025\/10\/image021.png\" srcset=\"https:\/\/cipalecuador.com\/wp-content\/uploads\/2025\/10\/image021-300x104.png 300w, https:\/\/cipalecuador.com\/wp-content\/uploads\/2025\/10\/image021.png 416w\" sizes=\"(max-width: 416px) 100vw, 416px\" width=\"416\" height=\"144\" class=\"animate-in\" alt=\"\" data-anim-type=\"\" data-anim-delay=\"0\"><\/div><\/div><div class=\"col-md col-12 -4  text-center client2 d-inline-block2 d-inline-flex client shadow-hover-lg rounded-xl\"><div class=\"py-3 d-inline-block align-self-center w-100\" title=\"\"><img decoding=\"async\" src=\"https:\/\/cipalecuador.com\/wp-content\/uploads\/2025\/10\/image023.jpg\" srcset=\"https:\/\/cipalecuador.com\/wp-content\/uploads\/2025\/10\/image023.jpg 225w, https:\/\/cipalecuador.com\/wp-content\/uploads\/2025\/10\/image023-150x150.jpg 150w, https:\/\/cipalecuador.com\/wp-content\/uploads\/2025\/10\/image023-75x75.jpg 75w\" sizes=\"(max-width: 225px) 100vw, 225px\" width=\"225\" height=\"225\" class=\"animate-in\" alt=\"\" data-anim-type=\"\" data-anim-delay=\"0\"><\/div><\/div><div class=\"col-md col-12 -4  text-center client2 d-inline-block2 d-inline-flex client shadow-hover-lg rounded-xl\"><div class=\"py-3 d-inline-block align-self-center w-100\" title=\"\"><img loading=\"lazy\" decoding=\"async\" src=\"https:\/\/cipalecuador.com\/wp-content\/uploads\/2025\/10\/image026.png\" width=\"172\" height=\"118\" class=\"animate-in\" alt=\"\" data-anim-type=\"\" data-anim-delay=\"0\"><\/div><\/div><\/div>\n\t\t\t\t<\/div>\n\t\t\t\t<\/div>\n\t\t\t\t\t<\/div>\n\t\t\t\t<\/div>\n\t\t<div class=\"elementor-element elementor-element-3aa1d0a e-flex e-con-boxed e-con e-parent\" data-id=\"3aa1d0a\" data-element_type=\"container\">\n\t\t\t\t\t<div class=\"e-con-inner\">\n\t\t\t\t<div class=\"elementor-element elementor-element-acbb07e elementor-widget elementor-widget-spacer\" data-id=\"acbb07e\" data-element_type=\"widget\" data-widget_type=\"spacer.default\">\n\t\t\t\t<div class=\"elementor-widget-container\">\n\t\t\t\t\t\t\t<div class=\"elementor-spacer\">\n\t\t\t<div class=\"elementor-spacer-inner\"><\/div>\n\t\t<\/div>\n\t\t\t\t\t\t<\/div>\n\t\t\t\t<\/div>\n\t\t\t\t\t<\/div>\n\t\t\t\t<\/div>\n\t\t<div class=\"elementor-element elementor-element-375c2b6 e-flex e-con-boxed e-con e-parent\" data-id=\"375c2b6\" data-element_type=\"container\">\n\t\t\t\t\t<div class=\"e-con-inner\">\n\t\t\t\t<div class=\"elementor-element elementor-element-ab77c09 elementor-widget elementor-widget-spacer\" data-id=\"ab77c09\" data-element_type=\"widget\" data-widget_type=\"spacer.default\">\n\t\t\t\t<div class=\"elementor-widget-container\">\n\t\t\t\t\t\t\t<div class=\"elementor-spacer\">\n\t\t\t<div class=\"elementor-spacer-inner\"><\/div>\n\t\t<\/div>\n\t\t\t\t\t\t<\/div>\n\t\t\t\t<\/div>\n\t\t\t\t\t<\/div>\n\t\t\t\t<\/div>\n\t\t\t\t<\/div>\n\t\t","protected":false},"excerpt":{"rendered":"<p>Realizamos cursos de capacitaci\u00f3n acad\u00e9mica de peritaje y aval\u00faos en diferentes experticias, libros en instituto ecuatoriano de propiedad intelectual. IEPI con reg. No. 3270 Aplicado al area Legal los cuales son puntos de litigio en materia de dictamen judiciales. PERITAJE&#8230;<\/p>\n","protected":false},"author":1,"featured_media":0,"parent":0,"menu_order":0,"comment_status":"closed","ping_status":"closed","template":"","meta":{"footnotes":""},"class_list":["post-4261","page","type-page","status-publish","hentry"],"_links":{"self":[{"href":"https:\/\/cipalecuador.com\/index.php?rest_route=\/wp\/v2\/pages\/4261","targetHints":{"allow":["GET"]}}],"collection":[{"href":"https:\/\/cipalecuador.com\/index.php?rest_route=\/wp\/v2\/pages"}],"about":[{"href":"https:\/\/cipalecuador.com\/index.php?rest_route=\/wp\/v2\/types\/page"}],"author":[{"embeddable":true,"href":"https:\/\/cipalecuador.com\/index.php?rest_route=\/wp\/v2\/users\/1"}],"replies":[{"embeddable":true,"href":"https:\/\/cipalecuador.com\/index.php?rest_route=%2Fwp%2Fv2%2Fcomments&post=4261"}],"version-history":[{"count":133,"href":"https:\/\/cipalecuador.com\/index.php?rest_route=\/wp\/v2\/pages\/4261\/revisions"}],"predecessor-version":[{"id":4531,"href":"https:\/\/cipalecuador.com\/index.php?rest_route=\/wp\/v2\/pages\/4261\/revisions\/4531"}],"wp:attachment":[{"href":"https:\/\/cipalecuador.com\/index.php?rest_route=%2Fwp%2Fv2%2Fmedia&parent=4261"}],"curies":[{"name":"wp","href":"https:\/\/api.w.org\/{rel}","templated":true}]}}